{"id":266,"date":"2025-01-13T15:05:00","date_gmt":"2025-01-13T18:05:00","guid":{"rendered":"https:\/\/visaopratodos.ong.br\/?page_id=266"},"modified":"2025-01-24T09:20:37","modified_gmt":"2025-01-24T12:20:37","slug":"secretaria-de-cultura","status":"publish","type":"page","link":"https:\/\/visaopratodos.ong.br\/?page_id=266","title":{"rendered":"Secretaria de Cultura"},"content":{"rendered":"\n<p>O projeto \u201cVis\u00e3o Para Todos\u201d, \u00e9 um projeto que foi celebrado em parceria com a Secretaria de Estado da Cultura e Economia Criativa do Distrito Federal, sendo executado pelo Instituto de Cultura, Cidadania e Desenvolvimento Social \u2013 INCIDE, inscrita com CNPJ n\u00ba 07.821.809\/0001-23, com vistas a fomentar a cultura e a economia criativa, formalizado pelo Termo de Fomento n\u00ba 167\/2023, atrav\u00e9s do Processo SEI n\u00ba 00150-00008076\/2023-55, decorrente da seguinte Dota\u00e7\u00e3o Or\u00e7ament\u00e1ria:<\/p>\n\n\n\n<p>I \u2013 Unidade Or\u00e7ament\u00e1ria: 16101<\/p>\n\n\n\n<p>II \u2013 Programa de Trabalho: 23.695.6219.9075.0306 e 13.392.6219.9075.0005<\/p>\n\n\n\n<p>III \u2013 Natureza da Despesa: 335041<\/p>\n\n\n\n<p>IV \u2013 Fonte de Recursos: 100<\/p>\n\n\n\n<p>Os empenhos s\u00e3o de R$ 180.000,00 (cento e oitenta mil reais) e de R$ 149.915,00 (cento e quarenta e nove mil, novecentos e quinze reais), conforme Notas de Empenho n\u00ba 2023NE01143 e n\u00ba 2023NE01144, ambas emitidas em 28\/12\/2023, sob o evento n\u00ba 400097, modalidade Global.<\/p>\n\n\n\n<p>O valor da remunera\u00e7\u00e3o das contrata\u00e7\u00f5es de Recurso Humanos \u00e9:<\/p>\n\n\n\n<p>Coordenador-Geral \u2013 R$ 11.100,000<\/p>\n","protected":false},"excerpt":{"rendered":"<p>O projeto \u201cVis\u00e3o Para Todos\u201d, \u00e9 um projeto que foi celebrado em parceria com a Secretaria de Estado da Cultura e Economia Criativa do Distrito Federal, sendo executado pelo Instituto de Cultura, Cidadania e Desenvolvimento Social \u2013 INCIDE, inscrita com CNPJ n\u00ba 07.821.809\/0001-23, com vistas a fomentar a cultura e a economia criativa, formalizado pelo [&hellip;]<\/p>\n","protected":false},"author":1,"featured_media":0,"parent":0,"menu_order":0,"comment_status":"closed","ping_status":"closed","template":"","meta":{"footnotes":""},"class_list":["post-266","page","type-page","status-publish","hentry"],"_links":{"self":[{"href":"https:\/\/visaopratodos.ong.br\/index.php?rest_route=\/wp\/v2\/pages\/266","targetHints":{"allow":["GET"]}}],"collection":[{"href":"https:\/\/visaopratodos.ong.br\/index.php?rest_route=\/wp\/v2\/pages"}],"about":[{"href":"https:\/\/visaopratodos.ong.br\/index.php?rest_route=\/wp\/v2\/types\/page"}],"author":[{"embeddable":true,"href":"https:\/\/visaopratodos.ong.br\/index.php?rest_route=\/wp\/v2\/users\/1"}],"replies":[{"embeddable":true,"href":"https:\/\/visaopratodos.ong.br\/index.php?rest_route=%2Fwp%2Fv2%2Fcomments&post=266"}],"version-history":[{"count":2,"href":"https:\/\/visaopratodos.ong.br\/index.php?rest_route=\/wp\/v2\/pages\/266\/revisions"}],"predecessor-version":[{"id":279,"href":"https:\/\/visaopratodos.ong.br\/index.php?rest_route=\/wp\/v2\/pages\/266\/revisions\/279"}],"wp:attachment":[{"href":"https:\/\/visaopratodos.ong.br\/index.php?rest_route=%2Fwp%2Fv2%2Fmedia&parent=266"}],"curies":[{"name":"wp","href":"https:\/\/api.w.org\/{rel}","templated":true}]}}