{"id":26,"date":"2024-01-04T10:07:42","date_gmt":"2024-01-04T13:07:42","guid":{"rendered":"https:\/\/visaopratodos.ong.br\/?page_id=26"},"modified":"2025-01-24T09:18:13","modified_gmt":"2025-01-24T12:18:13","slug":"a-ong","status":"publish","type":"page","link":"https:\/\/visaopratodos.ong.br\/?page_id=26","title":{"rendered":"O PROJETO"},"content":{"rendered":"\n<p>O projeto \u201cVis\u00e3o Para Todos\u201d iniciou em 2021, tendo como objetivo fornecer exames oftalmol\u00f3gicos e \u00f3culos com grau gratuitamente para crian\u00e7as que fa\u00e7am parte da rede de ensino p\u00fablica do Distrito Federal.<\/p>\n\n\n\n<p>Essa iniciativa surgiu da necessidade de garantir a crian\u00e7as em situa\u00e7\u00e3o de vulnerabilidade o acesso \u00e0 sa\u00fade ocular, que muitas das vezes n\u00e3o tem condi\u00e7\u00f5es de adquirir \u00f3culos corretivo.<\/p>\n\n\n\n<p>Em 2024, o projeto foi executado em parceria com a Secretaria de Estado de Cultura e Economia Criativa, em que al\u00e9m dos exames de vista e doa\u00e7\u00e3o dos \u00f3culos corretivos, promoveu a inclus\u00e3o cultural.<\/p>\n\n\n\n<p>Em 2025 o projeto volta, sendo realizado nas escolas p\u00fablicas do Distrito Federal, em parceria com a Secretaria de Estado da Justi\u00e7a e Cidadania, atendendo mais crian\u00e7as e adolescentes que necessitam desse cuidado especial com a sa\u00fade ocular.<\/p>\n","protected":false},"excerpt":{"rendered":"<p>O projeto \u201cVis\u00e3o Para Todos\u201d iniciou em 2021, tendo como objetivo fornecer exames oftalmol\u00f3gicos e \u00f3culos com grau gratuitamente para crian\u00e7as que fa\u00e7am parte da rede de ensino p\u00fablica do Distrito Federal. Essa iniciativa surgiu da necessidade de garantir a crian\u00e7as em situa\u00e7\u00e3o de vulnerabilidade o acesso \u00e0 sa\u00fade ocular, que muitas das vezes n\u00e3o [&hellip;]<\/p>\n","protected":false},"author":1,"featured_media":0,"parent":0,"menu_order":0,"comment_status":"closed","ping_status":"closed","template":"","meta":{"footnotes":""},"class_list":["post-26","page","type-page","status-publish","hentry"],"_links":{"self":[{"href":"https:\/\/visaopratodos.ong.br\/index.php?rest_route=\/wp\/v2\/pages\/26","targetHints":{"allow":["GET"]}}],"collection":[{"href":"https:\/\/visaopratodos.ong.br\/index.php?rest_route=\/wp\/v2\/pages"}],"about":[{"href":"https:\/\/visaopratodos.ong.br\/index.php?rest_route=\/wp\/v2\/types\/page"}],"author":[{"embeddable":true,"href":"https:\/\/visaopratodos.ong.br\/index.php?rest_route=\/wp\/v2\/users\/1"}],"replies":[{"embeddable":true,"href":"https:\/\/visaopratodos.ong.br\/index.php?rest_route=%2Fwp%2Fv2%2Fcomments&post=26"}],"version-history":[{"count":3,"href":"https:\/\/visaopratodos.ong.br\/index.php?rest_route=\/wp\/v2\/pages\/26\/revisions"}],"predecessor-version":[{"id":277,"href":"https:\/\/visaopratodos.ong.br\/index.php?rest_route=\/wp\/v2\/pages\/26\/revisions\/277"}],"wp:attachment":[{"href":"https:\/\/visaopratodos.ong.br\/index.php?rest_route=%2Fwp%2Fv2%2Fmedia&parent=26"}],"curies":[{"name":"wp","href":"https:\/\/api.w.org\/{rel}","templated":true}]}}