{"id":104,"date":"2024-01-04T10:25:59","date_gmt":"2024-01-04T13:25:59","guid":{"rendered":"https:\/\/visaopratodos.ong.br\/?page_id=104"},"modified":"2025-01-24T10:03:17","modified_gmt":"2025-01-24T13:03:17","slug":"home","status":"publish","type":"page","link":"https:\/\/visaopratodos.ong.br\/","title":{"rendered":"O INCIDE"},"content":{"rendered":"\n<p>SOBRE O INCIDE<\/p>\n\n\n\n<p>O Instituto de Cultura, Cidadania e Desenvolvimento Social &#8211; INCIDE \u00e9 uma organiza\u00e7\u00e3o n\u00e3o governamental de iniciativa privada, inscrita com CNPJ n\u00ba 07.821.809\/0001-23, comprometida em promover mudan\u00e7as significativas na sociedade.<\/p>\n\n\n\n<p>Trabalhamos em diversas \u00e1reas, como educa\u00e7\u00e3o, sa\u00fade, meio ambiente e direitos humanos, buscando sempre solu\u00e7\u00f5es inovadoras e sustent\u00e1veis.<\/p>\n\n\n\n<p>Junte se a n\u00f3s e fa\u00e7a parte dessa transforma\u00e7\u00e3o!<\/p>\n\n\n\n<p>Nossos Princ\u00edpios:<\/p>\n\n\n\n<figure class=\"wp-block-image size-full\"><img loading=\"lazy\" decoding=\"async\" width=\"886\" height=\"232\" src=\"https:\/\/visaopratodos.ong.br\/wp-content\/uploads\/2024\/03\/image.png\" alt=\"\" class=\"wp-image-166\" srcset=\"https:\/\/visaopratodos.ong.br\/wp-content\/uploads\/2024\/03\/image.png 886w, https:\/\/visaopratodos.ong.br\/wp-content\/uploads\/2024\/03\/image-300x79.png 300w, https:\/\/visaopratodos.ong.br\/wp-content\/uploads\/2024\/03\/image-768x201.png 768w\" sizes=\"auto, (max-width: 886px) 100vw, 886px\" \/><\/figure>\n\n\n\n<p>PROJETOS:<\/p>\n\n\n\n<p>O INCIDE possui amplo hist\u00f3rico em executar projetos nas esferas culturais e sociais, sendo eles:<\/p>\n\n\n\n<p>&#8211; <strong>Evento \u201cAlcateia\u201d:<\/strong> O Instituto INCIDE celebrou parceria com a Administra\u00e7\u00e3o Regional do Guar\u00e1 por meio de contrata\u00e7\u00e3o para a apresenta\u00e7\u00e3o da dupla \u201cKleuton e Karen\u201d, tramitando sob o processo de n\u00ba 137.000.928\/2012, no evento \u201cAlcateia\u201d, ocorrido no ano 2012. A referida celebra\u00e7\u00e3o foi publicada no Di\u00e1rio Oficial do Distrito Federal n\u00ba 175 de 28 de agosto de 2012, p\u00e1gina 15;<\/p>\n\n\n\n<p>&#8211; <strong>Evento \u201cViva Luiz Gonzaga\u201d:<\/strong> O Instituto INCIDE celebrou parceria com a Administra\u00e7\u00e3o Regional do Guar\u00e1 por meio de contrata\u00e7\u00e3o para a apresenta\u00e7\u00e3o dos grupos musicais \u201cRastap\u00e9\u201d e Trio \u201cSirid\u00f3\u201d, tramitando sob o processo de n\u00ba 137.001.276\/2012, no evento \u201cViva Luiz Gonzaga\u201d, ocorrido no ano 2012. A referida celebra\u00e7\u00e3o foi publicada no Di\u00e1rio Oficial do Distrito Federal n\u00ba 235 de 21 de novembro de 2012, p\u00e1gina 12;<\/p>\n\n\n\n<p><strong>&#8211; Evento<\/strong> <strong>\u201cFesta do Senhor do Bonfim\u201d<\/strong>: O instituto INCIDE celebrou parceria com a Prefeitura Municipal de Bocai\u00fava\/MG, por meio de contrata\u00e7\u00e3o de processo licitat\u00f3rio\/inexigibilidade n\u00ba 072\/003-2013 para apresenta\u00e7\u00e3o do \u201cPadre Alessandro Campos e banda\u201d para a realiza\u00e7\u00e3o da Festa do Senhor do Bonfim, ocorrido no dia 14 de julho de 2013;<\/p>\n\n\n\n<p><strong>&#8211; Evento \u201cTradicional Festa de Agosto \u2013 Juramento\u201d: <\/strong>O instituto INCIDE celebrou parceria com o Munic\u00edpio de Juramento\/MG, por meio de contrata\u00e7\u00e3o de processo licitat\u00f3rio n\u00ba 090\/2013, inexigibilidade n\u00ba 007\/2013 para a realiza\u00e7\u00e3o da \u201cTradicional Festa de Agosto\u201d, em Juramento\/MG, para a contrata\u00e7\u00e3o do \u201cPadre Alessandro Campos e Banda\u201d, ocorrido no dia 10 de agosto de 2013.<\/p>\n\n\n\n<p><strong>&#8211; Projeto \u201cVis\u00e3o Para Todos\u201d:<\/strong> O projeto \u201cVis\u00e3o Para Todos\u201d teve in\u00edcio em 2021, tendo percorrido diversas regi\u00f5es do Distrito Federal, oferecendo exame de vista computadorizado gratuitamente para fam\u00edlias carentes e buscando melhorar a qualidade de vida da popula\u00e7\u00e3o.<\/p>\n\n\n\n<p>&nbsp;&nbsp;&nbsp;&nbsp;&nbsp;&nbsp;&nbsp;&nbsp;&nbsp;&nbsp;&nbsp;&nbsp;&nbsp;&nbsp; O INCIDE celebrou parceria com o setor p\u00fablico em que realizou o projeto em escolas p\u00fablicas no Distrito Federal, podendo ser consultado na aba \u201cTranspar\u00eancia\u201d.<\/p>\n\n\n\n<p><strong>&#8211; Projeto \u201cAbrindo Horizontes\u201d:<\/strong> O projeto \u201cAbrindo Horizontes\u201d tem como objetivo de capacitar e inserir no mercado de trabalho atrav\u00e9s de cursos profissionalizantes e de aprimoramento, fomentando as pol\u00edticas p\u00fablicas da educa\u00e7\u00e3o e do trabalho. Os cursos s\u00e3o gratuitos e j\u00e1 teve in\u00edcio, com benefici\u00e1rios das Regi\u00f5es Administrativas de S\u00e3o Sebasti\u00e3o e Itapo\u00e3.<\/p>\n\n\n\n<p><\/p>\n","protected":false},"excerpt":{"rendered":"<p>SOBRE O INCIDE O Instituto de Cultura, Cidadania e Desenvolvimento Social &#8211; INCIDE \u00e9 uma organiza\u00e7\u00e3o n\u00e3o governamental de iniciativa privada, inscrita com CNPJ n\u00ba 07.821.809\/0001-23, comprometida em promover mudan\u00e7as significativas na sociedade. Trabalhamos em diversas \u00e1reas, como educa\u00e7\u00e3o, sa\u00fade, meio ambiente e direitos humanos, buscando sempre solu\u00e7\u00f5es inovadoras e sustent\u00e1veis. Junte se a n\u00f3s [&hellip;]<\/p>\n","protected":false},"author":1,"featured_media":0,"parent":0,"menu_order":0,"comment_status":"closed","ping_status":"closed","template":"","meta":{"footnotes":""},"class_list":["post-104","page","type-page","status-publish","hentry"],"_links":{"self":[{"href":"https:\/\/visaopratodos.ong.br\/index.php?rest_route=\/wp\/v2\/pages\/104","targetHints":{"allow":["GET"]}}],"collection":[{"href":"https:\/\/visaopratodos.ong.br\/index.php?rest_route=\/wp\/v2\/pages"}],"about":[{"href":"https:\/\/visaopratodos.ong.br\/index.php?rest_route=\/wp\/v2\/types\/page"}],"author":[{"embeddable":true,"href":"https:\/\/visaopratodos.ong.br\/index.php?rest_route=\/wp\/v2\/users\/1"}],"replies":[{"embeddable":true,"href":"https:\/\/visaopratodos.ong.br\/index.php?rest_route=%2Fwp%2Fv2%2Fcomments&post=104"}],"version-history":[{"count":4,"href":"https:\/\/visaopratodos.ong.br\/index.php?rest_route=\/wp\/v2\/pages\/104\/revisions"}],"predecessor-version":[{"id":296,"href":"https:\/\/visaopratodos.ong.br\/index.php?rest_route=\/wp\/v2\/pages\/104\/revisions\/296"}],"wp:attachment":[{"href":"https:\/\/visaopratodos.ong.br\/index.php?rest_route=%2Fwp%2Fv2%2Fmedia&parent=104"}],"curies":[{"name":"wp","href":"https:\/\/api.w.org\/{rel}","templated":true}]}}